{"id":751,"date":"2013-04-27T16:04:50","date_gmt":"2013-04-27T14:04:50","guid":{"rendered":"http:\/\/www.foerderverein-hdb.de\/?page_id=751"},"modified":"2014-06-10T14:04:06","modified_gmt":"2014-06-10T12:04:06","slug":"hdb-flugel","status":"publish","type":"page","link":"http:\/\/www.foerderverein-hdb.de\/?page_id=751","title":{"rendered":"HdB-Fl\u00fcgel"},"content":{"rendered":"<h1><span style=\"font-size: 18px;\">Der HdB-F\u00f6rderverein sammelt 55.000 \u20ac f\u00fcr den Fl\u00fcgel<\/span><\/h1>\n<div id=\"attachment_446\" style=\"width: 3010px\" class=\"wp-caption alignright\"><a href=\"http:\/\/www.foerderverein-hdb.de\/wp-content\/uploads\/2012\/11\/f.jpg\"><img aria-describedby=\"caption-attachment-446\" decoding=\"async\" loading=\"lazy\" class=\"size-full wp-image-446\" src=\"http:\/\/www.foerderverein-hdb.de\/wp-content\/uploads\/2012\/11\/f.jpg\" alt=\"Das ist er: Der gro\u00dfe Steinway D 274.\" width=\"3000\" height=\"2000\" srcset=\"http:\/\/www.foerderverein-hdb.de\/wp-content\/uploads\/2012\/11\/f.jpg 3000w, http:\/\/www.foerderverein-hdb.de\/wp-content\/uploads\/2012\/11\/f-300x200.jpg 300w, http:\/\/www.foerderverein-hdb.de\/wp-content\/uploads\/2012\/11\/f-1024x682.jpg 1024w, http:\/\/www.foerderverein-hdb.de\/wp-content\/uploads\/2012\/11\/f-450x300.jpg 450w\" sizes=\"(max-width: 3000px) 100vw, 3000px\" \/><\/a><p id=\"caption-attachment-446\" class=\"wp-caption-text\">Dieser Steinway D 274 steht nun dauerhaft im HdB. Unser F\u00f6rderverein hat den Kauf erm\u00f6glicht.<\/p><\/div>\n<p style=\"text-align: justify;\">Im Jahr 2012 wurde das Haus der Begegnung nach aufw\u00e4ndiger Sanierung wiederer\u00f6ffnet.<br \/>\nWas dem eleganten Saalbau mit seinem besonderen Flair und hervorragender Akustik zu diesem Zeitpunkt noch fehlte, um das kulturelle Leben der Kurstadt und der Region nachhaltig zu bereichern, war ein geeigneter Konzertfl\u00fcgel, der f\u00fcr anspruchsvolle Konzertveranstaltungen, Lieder- und Kammermusikabende, aber auch zur musikalischen Umrahmung festlicher Veranstaltungen unentbehrlich ist.<br \/>\nBis dahin musste zu solchen Gelegenheiten ein Fl\u00fcgel ausw\u00e4rts gemietet, ins Haus der Begegnung transportiert, dort gestimmt, nach der Veranstaltung zur\u00fcck transportiert und nach dem R\u00fccktransport wiederum gestimmt werden \u2013 bei einem Instrument von zweieinhalb Metern L\u00e4nge und einer halben Tonne Gewicht ein aufw\u00e4ndiges und teures Unternehmen. Diesem Missstand wollte der HdB-F\u00f6rderverein durch die Anschaffung eines Konzertfl\u00fcgels, der dauerhaft im Haus der Begegnung verbleibt, abhelfen.<\/p>\n<p style=\"text-align: justify;\">Unser leider inzwischen verstorbenes Vorstandsmitglied, Dirigent Tilmann K\u00f6ster, \u00fcbernahm pers\u00f6nlich die Aufgabe, ein geeignetes und dennoch bezahlbares Instrument zu finden und wurde schlie\u00dflich f\u00fcndig: Ein Steinway D 274, der vormals in der Alten Oper Frankfurt f\u00fcr sicher glanzvolle, musikalische Erlebnisse sorgte.<\/p>\n<div id=\"attachment_781\" style=\"width: 226px\" class=\"wp-caption alignright\"><a href=\"http:\/\/www.foerderverein-hdb.de\/wp-content\/uploads\/2013\/04\/Fluegel_Modell.jpg\"><img aria-describedby=\"caption-attachment-781\" decoding=\"async\" loading=\"lazy\" class=\"size-medium wp-image-781\" src=\"http:\/\/www.foerderverein-hdb.de\/wp-content\/uploads\/2013\/04\/Fluegel_Modell-216x300.jpg\" alt=\"Mit dieser selbst gebastelten Spendenbox, die ein klienes Nodell des Fl\u00fcgels zierte, warn der F\u00f6rderverein bei zahlreichen Gelegenheiten um Spenden.\" width=\"216\" height=\"300\" srcset=\"http:\/\/www.foerderverein-hdb.de\/wp-content\/uploads\/2013\/04\/Fluegel_Modell-216x300.jpg 216w, http:\/\/www.foerderverein-hdb.de\/wp-content\/uploads\/2013\/04\/Fluegel_Modell.jpg 345w\" sizes=\"(max-width: 216px) 100vw, 216px\" \/><\/a><p id=\"caption-attachment-781\" class=\"wp-caption-text\">Mit dieser selbst gebastelten Spendenbox, die ein kleines Modell des Fl\u00fcgels zierte, warb der F\u00f6rderverein bei zahlreichen Gelegenheiten um Spenden. Mit gro\u00dfem Erfolg.<\/p><\/div>\n<p style=\"text-align: justify;\">Um die f\u00fcr den Kauf ben\u00f6tigte Summe von 65.000 Euro zusammen zu bekommen, hatte unser F\u00f6rderverein eine Spendenaktion ins Leben gerufen, die unter dem Motto &#8222;Befl\u00fcgeln Sie das HdB&#8220; stand. Wir baten alle Freunde des Hauses der Begegnung, alle Musikfans und alle am kulturellen Leben in K\u00f6nigstein und der Region interessierten B\u00fcrger um Mithilfe.<\/p>\n<p style=\"text-align: justify;\">Und wir wurden erh\u00f6rt: 55.000 Euro konnten wir mit Hilfe von Stiftungen, anderen Vereinen und Institutionen, von Gesch\u00e4ftsleuten und von gro\u00dfz\u00fcgigen Privatspenden sammeln und f\u00fcr die Anschaffung des Fl\u00fcgels zweckgebunden an die Stadt K\u00f6nigstein \u00fcbergeben. Die restlichen 10.000 Euro wurde von der Stadt K\u00f6nigstein beigetragen.<\/p>\n<p style=\"text-align: justify;\">Die offizielle Spenden\u00fcbergabe erfolgte im Rahmen der Feierlichkeiten bei der Eugen-Kogon-Preisverleihung am 22. Februar 2013 &#8211; nat\u00fcrlich im Haus der Begegnung.<\/p>\n<h2 style=\"text-align: justify;\">Viele haben dazu beigetragen<\/h2>\n<p style=\"text-align: justify;\">Es gab sehr gro\u00dfe Spenden, wie von der Stiftung der Nassauischen Sparkasse oder von der Carls Stiftung, es gab Initiativen aus der K\u00f6nigsteiner Gesch\u00e4ftswelt, wie von der Firma Elektro Alter, und es gab Mithilfe von anderen Vereinen, wie dem Lions-Club Hochtaunus. Und es gab kleine und gro\u00dfe Privatspenden. Auch im Rahmen unseres Benefiz-Konzertes mit dem Pianisten Christopher Park, das wir gemeinsam mit dem Kulturkreis Glash\u00fctten veranstalteten.<br \/>\nAllen sagen wir ein herzliches Dankesch\u00f6n!<\/p>\n<div id=\"attachment_770\" style=\"width: 594px\" class=\"wp-caption aligncenter\"><a href=\"http:\/\/www.foerderverein-hdb.de\/wp-content\/uploads\/2013\/04\/13.2-F\u00f6rderverein-Haus-der-Begegnung-K\u00f6nigstein-eV.jpg\"><img aria-describedby=\"caption-attachment-770\" decoding=\"async\" loading=\"lazy\" class=\"size-large wp-image-770\" src=\"http:\/\/www.foerderverein-hdb.de\/wp-content\/uploads\/2013\/04\/13.2-F\u00f6rderverein-Haus-der-Begegnung-K\u00f6nigstein-eV-1024x680.jpg\" alt=\"Vertreter der Naspa-Stiftung (im Foto rechts) \u00fcbergaben 20.000 Euro an unseren F\u00f6rderverein.\" width=\"584\" height=\"387\" srcset=\"http:\/\/www.foerderverein-hdb.de\/wp-content\/uploads\/2013\/04\/13.2-F\u00f6rderverein-Haus-der-Begegnung-K\u00f6nigstein-eV-1024x680.jpg 1024w, http:\/\/www.foerderverein-hdb.de\/wp-content\/uploads\/2013\/04\/13.2-F\u00f6rderverein-Haus-der-Begegnung-K\u00f6nigstein-eV-300x199.jpg 300w, http:\/\/www.foerderverein-hdb.de\/wp-content\/uploads\/2013\/04\/13.2-F\u00f6rderverein-Haus-der-Begegnung-K\u00f6nigstein-eV-451x300.jpg 451w, http:\/\/www.foerderverein-hdb.de\/wp-content\/uploads\/2013\/04\/13.2-F\u00f6rderverein-Haus-der-Begegnung-K\u00f6nigstein-eV.jpg 1600w\" sizes=\"(max-width: 584px) 100vw, 584px\" \/><\/a><p id=\"caption-attachment-770\" class=\"wp-caption-text\">Vertreter der Naspa-Stiftung (im Foto rechts) \u00fcbergaben 20.000 Euro an unseren F\u00f6rderverein.<\/p><\/div>\n<div id=\"attachment_759\" style=\"width: 1738px\" class=\"wp-caption alignnone\"><a href=\"http:\/\/www.foerderverein-hdb.de\/wp-content\/uploads\/2013\/04\/Alter-Spende2.jpg\"><img aria-describedby=\"caption-attachment-759\" decoding=\"async\" loading=\"lazy\" class=\" wp-image-759\" src=\"http:\/\/www.foerderverein-hdb.de\/wp-content\/uploads\/2013\/04\/Alter-Spende2.jpg\" alt=\"Alter-Spende2\" width=\"1728\" height=\"1152\" srcset=\"http:\/\/www.foerderverein-hdb.de\/wp-content\/uploads\/2013\/04\/Alter-Spende2.jpg 1728w, http:\/\/www.foerderverein-hdb.de\/wp-content\/uploads\/2013\/04\/Alter-Spende2-300x200.jpg 300w, http:\/\/www.foerderverein-hdb.de\/wp-content\/uploads\/2013\/04\/Alter-Spende2-1024x682.jpg 1024w, http:\/\/www.foerderverein-hdb.de\/wp-content\/uploads\/2013\/04\/Alter-Spende2-450x300.jpg 450w\" sizes=\"(max-width: 1728px) 100vw, 1728px\" \/><\/a><p id=\"caption-attachment-759\" class=\"wp-caption-text\">320 Euro sammelte die Firma Elektro Alter. Gudrun und Heinz Alter stockten die Summe noch mal auf insgesamt 700 Euro auf.<\/p><\/div>\n<div id=\"attachment_760\" style=\"width: 669px\" class=\"wp-caption alignright\"><a href=\"http:\/\/www.foerderverein-hdb.de\/wp-content\/uploads\/2013\/04\/Lions_Fluegel.jpg\"><img aria-describedby=\"caption-attachment-760\" decoding=\"async\" loading=\"lazy\" class=\" wp-image-760\" src=\"http:\/\/www.foerderverein-hdb.de\/wp-content\/uploads\/2013\/04\/Lions_Fluegel.jpg\" alt=\"Lions_Fluegel\" width=\"659\" height=\"481\" srcset=\"http:\/\/www.foerderverein-hdb.de\/wp-content\/uploads\/2013\/04\/Lions_Fluegel.jpg 659w, http:\/\/www.foerderverein-hdb.de\/wp-content\/uploads\/2013\/04\/Lions_Fluegel-300x218.jpg 300w, http:\/\/www.foerderverein-hdb.de\/wp-content\/uploads\/2013\/04\/Lions_Fluegel-411x300.jpg 411w\" sizes=\"(max-width: 659px) 100vw, 659px\" \/><\/a><p id=\"caption-attachment-760\" class=\"wp-caption-text\">Artikel aus der K\u00f6nigsteiner Woche.<\/p><\/div>\n<h1><span style=\"font-size: 18px;\">Unser Geschenk an die Stadt<\/span><\/h1>\n<div id=\"attachment_776\" style=\"width: 239px\" class=\"wp-caption alignleft\"><a href=\"http:\/\/www.foerderverein-hdb.de\/wp-content\/uploads\/2013\/04\/Fluegel-Uebergabe.jpg\"><img aria-describedby=\"caption-attachment-776\" decoding=\"async\" loading=\"lazy\" class=\"size-medium wp-image-776\" src=\"http:\/\/www.foerderverein-hdb.de\/wp-content\/uploads\/2013\/04\/Fluegel-Uebergabe-229x300.jpg\" alt=\"Manfred Colloseus und Stefanie Scharfschwerdt von F\u00f6rderverein \u00fcbergeben den Fl\u00fcgel, hier symbolisch als Pappmodell, an den K\u00f6nigsteiner B\u00fcrgermeister Leonhard Helm. Foto: Andreas Colloseus\" width=\"229\" height=\"300\" srcset=\"http:\/\/www.foerderverein-hdb.de\/wp-content\/uploads\/2013\/04\/Fluegel-Uebergabe-229x300.jpg 229w, http:\/\/www.foerderverein-hdb.de\/wp-content\/uploads\/2013\/04\/Fluegel-Uebergabe-784x1024.jpg 784w, http:\/\/www.foerderverein-hdb.de\/wp-content\/uploads\/2013\/04\/Fluegel-Uebergabe.jpg 1086w\" sizes=\"(max-width: 229px) 100vw, 229px\" \/><\/a><p id=\"caption-attachment-776\" class=\"wp-caption-text\">Manfred Colloseus und Stefanie Scharfschwerdt von F\u00f6rderverein \u00fcbergeben den Fl\u00fcgel, hier symbolisch als Pappmodell, an den K\u00f6nigsteiner B\u00fcrgermeister Leonhard Helm.<br \/>Foto: Andreas Colloseus<\/p><\/div>\n<p style=\"text-align: justify;\">Vorsitzender Manfred Colloseus \u00fcbergibt am 22. Februar 2013 den Fl\u00fcgel offiziell an die Stadt K\u00f6nigstein im Rahmen der Eugen-Kogon-Preisverleihung. Hier ist seine kurze Ansprache.<\/p>\n<p style=\"text-align: left;\"><em>Im M\u00e4rz vergangenen Jahres hat die Stadt K\u00f6nigstein nach l\u00e4ngerer Sanierungsphase das Haus der Begegnung wieder er\u00f6ffnet.<\/em><br \/>\n<em> Eines der Ziele des F\u00f6rdervereins Haus der Begegnung ist es, dabei zu helfen, dass dieses geschichtstr\u00e4chtige Haus nicht nur eine profane Veranstaltungshalle ist, sondern auch im Sinne seiner urspr\u00fcnglichen Nutzung zu einem Ort der Begegnung wird.<\/em><br \/>\n<em> Ein Ort der Begegnung f\u00fcr Menschen aller Generationen und Nationen!<\/em><br \/>\n<em> Zugleich soll es aber auch ein Zentrum f\u00fcr kulturelle Veranstaltungen sein.<\/em><br \/>\n<em> In den vergangenen Monaten hat der F\u00f6rderverein mit Hilfe von Landrat Ulrich Krebs und unterst\u00fctzt von Stiftungen, einem unvergessenen Benefizkonzert mit dem Pianisten Christopher Park und vielen Spenden K\u00f6nigsteiner B\u00fcrgerinnen und B\u00fcrger, den Geldbetrag gesammelt, der es erm\u00f6glichte, diesen wunderbaren Konzertfl\u00fcgel zu erwerben.<\/em><br \/>\n<em> Der Steinway-Fl\u00fcgel hatte urspr\u00fcnglich in der Alten Oper in Frankfurt seinen Platz und wurde dort von weltber\u00fchmten Konzertpianisten zum Klingen gebracht, darunter keinem Geringeren als Alfred Brendel.<\/em><br \/>\n<em> Und nun steht der Fl\u00fcgel, vom Pianohaus Wedell in Usingen general\u00fcberholt,<\/em><br \/>\n<em> hier bei uns in K\u00f6nigstein und soll den Menschen der Region musikalischen Kunstgenuss bereiten. Unser junger K\u00f6nigsteiner Mitb\u00fcrger, Mohin Jan Fariod, gibt uns ja heute erste Kostproben.<\/em><br \/>\n<em> Sehr geehrte Damen und Herren!<\/em><br \/>\n<em> Aus Anlass der bevorstehenden Feierlichkeiten zur Verleihung der Stadtrechte vor 700 Jahren, \u00fcbergibt der F\u00f6rderverein Haus der Begegnung den Fl\u00fcgel heute allen K\u00f6nigsteiner B\u00fcrgerinnen und B\u00fcrgern als Geschenk. Gleichzeitig widmen wir den Fl\u00fcgel unserem vor zwei Wochen \u00fcberraschend und viel zu fr\u00fch verstorbenen Vorstandskollegen Tilmann K\u00f6ster. Tilmann K\u00f6ster war ma\u00dfgeblich an der Auswahl und bei der Anschaffung des Fl\u00fcgels beteiligt. Ihm gilt es, Dank zu sagen!<\/em><br \/>\n<em> Lieber Herr B\u00fcrgermeister Helm!<\/em><br \/>\n<em> Unser bezauberndes Vorstandsmitglied Stefanie Scharfschwerdt \u00fcberreicht Ihnen nun symbolisch neben einem Schl\u00fcssel ein kleines von ihr gebasteltes Modell des Fl\u00fcgels mit Spendenbox, in die in den letzten Monaten so mancher Euroschein gesteckt wurde.<\/em><\/p>\n<div id=\"attachment_785\" style=\"width: 310px\" class=\"wp-caption aligncenter\"><a href=\"http:\/\/www.foerderverein-hdb.de\/wp-content\/uploads\/2013\/04\/Fluegel-Uebergabe-KoeWo.pdf\" target=\"_blank\"><img aria-describedby=\"caption-attachment-785\" decoding=\"async\" class=\" wp-image-785  \" src=\"http:\/\/www.foerderverein-hdb.de\/wp-content\/uploads\/2013\/04\/Screen_Fluegel_Uebergabe_KoeWo-300x199.jpg\" alt=\"Screen_Fluegel_Uebergabe_KoeWo\" width=\"300\" srcset=\"http:\/\/www.foerderverein-hdb.de\/wp-content\/uploads\/2013\/04\/Screen_Fluegel_Uebergabe_KoeWo-300x199.jpg 300w, http:\/\/www.foerderverein-hdb.de\/wp-content\/uploads\/2013\/04\/Screen_Fluegel_Uebergabe_KoeWo-1024x681.jpg 1024w, http:\/\/www.foerderverein-hdb.de\/wp-content\/uploads\/2013\/04\/Screen_Fluegel_Uebergabe_KoeWo-450x300.jpg 450w, http:\/\/www.foerderverein-hdb.de\/wp-content\/uploads\/2013\/04\/Screen_Fluegel_Uebergabe_KoeWo.jpg 1193w\" sizes=\"(max-width: 300px) 100vw, 300px\" \/><\/a><p id=\"caption-attachment-785\" class=\"wp-caption-text\">Artikel in der K\u00f6nigsteiner Woche vom 28. Februar 2013.<br \/>Bitte klicken Sie auf das Bild. Dann \u00f6ffnet sich ein PDF mit dem gesamten Artikel.<\/p><\/div>\n","protected":false},"excerpt":{"rendered":"<p>Der HdB-F\u00f6rderverein sammelt 55.000 \u20ac f\u00fcr den Fl\u00fcgel Im Jahr 2012 wurde das Haus der Begegnung nach aufw\u00e4ndiger Sanierung wiederer\u00f6ffnet. Was dem eleganten Saalbau mit seinem besonderen Flair und hervorragender Akustik zu diesem Zeitpunkt noch fehlte, um das kulturelle Leben &hellip; <a href=\"http:\/\/www.foerderverein-hdb.de\/?page_id=751\">Weiterlesen <span class=\"meta-nav\">&rarr;<\/span><\/a><\/p>\n","protected":false},"author":1,"featured_media":0,"parent":124,"menu_order":1,"comment_status":"open","ping_status":"open","template":"","meta":[],"_links":{"self":[{"href":"http:\/\/www.foerderverein-hdb.de\/index.php?rest_route=\/wp\/v2\/pages\/751"}],"collection":[{"href":"http:\/\/www.foerderverein-hdb.de\/index.php?rest_route=\/wp\/v2\/pages"}],"about":[{"href":"http:\/\/www.foerderverein-hdb.de\/index.php?rest_route=\/wp\/v2\/types\/page"}],"author":[{"embeddable":true,"href":"http:\/\/www.foerderverein-hdb.de\/index.php?rest_route=\/wp\/v2\/users\/1"}],"replies":[{"embeddable":true,"href":"http:\/\/www.foerderverein-hdb.de\/index.php?rest_route=%2Fwp%2Fv2%2Fcomments&post=751"}],"version-history":[{"count":29,"href":"http:\/\/www.foerderverein-hdb.de\/index.php?rest_route=\/wp\/v2\/pages\/751\/revisions"}],"predecessor-version":[{"id":1132,"href":"http:\/\/www.foerderverein-hdb.de\/index.php?rest_route=\/wp\/v2\/pages\/751\/revisions\/1132"}],"up":[{"embeddable":true,"href":"http:\/\/www.foerderverein-hdb.de\/index.php?rest_route=\/wp\/v2\/pages\/124"}],"wp:attachment":[{"href":"http:\/\/www.foerderverein-hdb.de\/index.php?rest_route=%2Fwp%2Fv2%2Fmedia&parent=751"}],"curies":[{"name":"wp","href":"https:\/\/api.w.org\/{rel}","templated":true}]}}