{"id":538,"date":"2012-12-10T18:45:21","date_gmt":"2012-12-10T16:45:21","guid":{"rendered":"http:\/\/www.foerderverein-hdb.de\/?page_id=538"},"modified":"2026-01-28T09:43:09","modified_gmt":"2026-01-28T07:43:09","slug":"kommende-projekte","status":"publish","type":"page","link":"http:\/\/www.foerderverein-hdb.de\/?page_id=538","title":{"rendered":"K\u00f6nigsteiner Kammerkonzerte"},"content":{"rendered":"<p style=\"text-align: justify;\">Die Konzertreihe \u201eK\u00f6nigsteiner Kammerkonzerte Tilmann K\u00f6ster\u201c ist unserem viel zu fr\u00fch verstorbenen Vorstandskollegen, Freund und k\u00fcnstlerischen Leiter Tilmann K\u00f6ster gewidmet. Selbst als Dirigent wirkend, hatte er die Idee, jungen Solisten aus der Region im Haus der Begegnung die Gelegenheit zu geben, mit einem Kammerorchester aufzutreten und traf auch schon die ersten Vorbereitungen dazu. Von ihm stammt auch der Vorschlag, diese Konzerte in Mini-Abos anzubieten.<br \/>\nIn seinem Sinne und in seinem Namen wollen wir die Konzertreihe j\u00e4hrlich gestalten.<br \/>\nTilmann K\u00f6ster bleibt unvergessen.<br \/>\nWir freuen uns auf wunderbare K\u00fcnstler, die ihr K\u00f6nnen im Haus der Begegnung pr\u00e4sentieren werden, und w\u00fcnschen unseren G\u00e4sten sch\u00f6ne Stunden und viel Vergn\u00fcgen.<\/p>\n<p style=\"text-align: justify;\">Die Konzerte finden sonntags jeweils um 17 Uhr statt.<br \/>\nPlatzkarten zu 20 bzw. 25 Euro &#8211; Sch\u00fcler und Studenten zahlen in allen Kategorien 10 Euro &#8211; sind im Vorverkauf in der Kur- und Stadtinformation K\u00f6nigstein, Hauptstra\u00dfe 13a, <a style=\"text-decoration-line: underline;\" href=\"mail&#116;&#111;&#58;&#105;&#110;&#x66;&#x6f;&#x40;&#x6b;&#x6f;&#x65;&#x6e;igst&#101;&#105;&#110;&#46;&#100;&#x65;\" target=\"_blank\" rel=\"noopener\">&#x69;&#110;f&#x6f;&#64;k&#x6f;&#101;n&#x69;&#103;s&#x74;&#101;i&#x6e;&#46;d&#x65;<\/a> oder online \u00fcber das Ticketportal reservix.de erh\u00e4ltlich. Restkarten ab 16.00 an der Abendkasse gegen Barzahlung erh\u00e4ltlich.<\/p>\n<p style=\"text-align: justify;\">F\u00fcr die Konzertreihe bietet der F\u00f6rderverein Abonnements an. N\u00e4here Infos dazu <a href=\"http:\/\/www.foerderverein-hdb.de\/?page_id=1133\" target=\"_blank\" rel=\"noopener noreferrer\">hier<\/a>.<b><\/b><\/p>\n<h1><span style=\"font-size: 24pt;\">Saison 2026:<\/span><\/h1>\n<p><strong>Sonntag, 25. Januar 2026<\/strong><b><br \/>\n<\/b><span style=\"font-size: 18pt;\"><strong><span style=\"font-size: 18pt;\">Dein ist mein ganzes Herz<\/span><br \/>\n<\/strong><\/span><\/p>\n<p>Opern- und Operettengala mit internationalen Solisten der Opera Classica Europa<\/p>\n<p style=\"text-align: justify;\">Angela Kunz, Sopran<br \/>\nEva Priska Hartmann, Sopran<br \/>\nMarco Antonio Rivera, Tenor<br \/>\nHongyu Chen, Bariton<\/p>\n<p style=\"text-align: justify;\"><img decoding=\"async\" loading=\"lazy\" class=\"alignleft size-full wp-image-2330\" src=\"http:\/\/www.foerderverein-hdb.de\/wp-content\/uploads\/2025\/11\/jubilaeum2-large.jpg\" alt=\"\" width=\"950\" height=\"350\" srcset=\"http:\/\/www.foerderverein-hdb.de\/wp-content\/uploads\/2025\/11\/jubilaeum2-large.jpg 950w, http:\/\/www.foerderverein-hdb.de\/wp-content\/uploads\/2025\/11\/jubilaeum2-large-300x111.jpg 300w, http:\/\/www.foerderverein-hdb.de\/wp-content\/uploads\/2025\/11\/jubilaeum2-large-768x283.jpg 768w, http:\/\/www.foerderverein-hdb.de\/wp-content\/uploads\/2025\/11\/jubilaeum2-large-500x184.jpg 500w\" sizes=\"(max-width: 950px) 100vw, 950px\" \/>Zur Einstimmung auf das Neue Jahr erwartet die Zuschauerinnen und Zuschauer eine festliche Opern- und Operettengala mit musikalischen Kostbarkeiten, dargeboten von internationalen Gesangssolistinnen und -solisten der Opera Classica Europa. Das abwechslungsreiche Konzertprogramm beinhaltet romantische Arien und Duette aus den Welterfolgen der Oper und Operetten &#8211; eine musikalische Vielfalt, die einen unterhaltsamen Abend verspricht.<\/p>\n<p>&nbsp;<\/p>\n<p><strong>Sonntag, 26. April 2026<\/strong><strong><br \/>\n<\/strong><strong><span style=\"font-size: 16pt;\"><span style=\"font-size: 18pt;\">Klangwelten der Romantik mit dem Orloff-Duo<\/span><br \/>\n<\/span><\/strong><\/p>\n<p><span style=\"font-size: 12pt;\">Duo-Abend Violine und Klavier<\/span><\/p>\n<p>Julia Gniza, Violine<br \/>\nTatiana Orloff, Klavier<br \/>\n<img decoding=\"async\" loading=\"lazy\" class=\"alignleft size-full wp-image-2342\" src=\"http:\/\/www.foerderverein-hdb.de\/wp-content\/uploads\/2025\/12\/IMG_6697-scaled.jpeg\" alt=\"\" width=\"1707\" height=\"2560\" srcset=\"http:\/\/www.foerderverein-hdb.de\/wp-content\/uploads\/2025\/12\/IMG_6697-scaled.jpeg 1707w, http:\/\/www.foerderverein-hdb.de\/wp-content\/uploads\/2025\/12\/IMG_6697-200x300.jpeg 200w, http:\/\/www.foerderverein-hdb.de\/wp-content\/uploads\/2025\/12\/IMG_6697-683x1024.jpeg 683w, http:\/\/www.foerderverein-hdb.de\/wp-content\/uploads\/2025\/12\/IMG_6697-768x1152.jpeg 768w, http:\/\/www.foerderverein-hdb.de\/wp-content\/uploads\/2025\/12\/IMG_6697-1024x1536.jpeg 1024w, http:\/\/www.foerderverein-hdb.de\/wp-content\/uploads\/2025\/12\/IMG_6697-1365x2048.jpeg 1365w\" sizes=\"(max-width: 1707px) 100vw, 1707px\" \/><\/p>\n<p dir=\"auto\" style=\"text-align: justify;\">Das <strong>Orloff-Duo<\/strong>, bestehend aus der Geigerin <strong>Julia Gniza<\/strong> und der Pianistin <strong>Tatiana Orloff<\/strong>, verbindet seit Kindheitstagen gemeinsame musikalische Wege. Beide Musikerinnen sind mehrfach ausgezeichnet, unter anderem beim Fidelio-Wettbewerb in Wien, beim World Classical Music Award (London) sowie beim Anton Rubinstein Wettbewerb in D\u00fcsseldorf. Als Duo gastierten sie bei internationalen Festivals wie\u00a0<em>Music in the Mountains<\/em>\u00a0(USA), dem Jugendstilfestival Bad Nauheim sowie den\u00a0<em>Anacapri Masterclasses<\/em> (Italien). Ihr Repertoire reicht von Barock und Romantik bis hin zu zeitgen\u00f6ssischen Werken. Im Haus der Begegnung pr\u00e4sentieren sie\u00a0 ein anspruchsvolles Programm mit Werken von Robert Schumann, Johannes Brahms sowie die ber\u00fchmte &#8222;Kreuzer-Sonate&#8220; von Ludwig van Beethoven.<\/p>\n<h1><\/h1>\n<h1><strong>Sonntag, 25. Oktober 2026<\/strong><strong><br \/>\n<\/strong><strong><span style=\"font-size: 16pt;\"><span style=\"font-size: 18pt;\">Ukrainische Skizzen<\/span><\/span><\/strong><\/h1>\n<p>Kammermusikabend mit dem Diplomatischen Streichquartett Berlin<\/p>\n<p><img decoding=\"async\" loading=\"lazy\" class=\"alignleft size-full wp-image-2359\" src=\"http:\/\/www.foerderverein-hdb.de\/wp-content\/uploads\/2026\/01\/FotoQuartett-700x467-1.jpg\" alt=\"\" width=\"700\" height=\"467\" srcset=\"http:\/\/www.foerderverein-hdb.de\/wp-content\/uploads\/2026\/01\/FotoQuartett-700x467-1.jpg 700w, http:\/\/www.foerderverein-hdb.de\/wp-content\/uploads\/2026\/01\/FotoQuartett-700x467-1-300x200.jpg 300w, http:\/\/www.foerderverein-hdb.de\/wp-content\/uploads\/2026\/01\/FotoQuartett-700x467-1-450x300.jpg 450w\" sizes=\"(max-width: 700px) 100vw, 700px\" \/><\/p>\n<p style=\"text-align: justify;\">Das Diplomatische Streichquartett\u00a0(Berlin)\u00a0wurde 2016 im Rahmen der Synagogenkonzerte der Internationalen Tage j\u00fcdischer Musik in Mecklenburg-Vorpommern gegr\u00fcndet. Seitdem hat sich das Ensemble auf die Erarbeitung und Auff\u00fchrung von Werken j\u00fcdischer Komponisten spezialisiert. Es konzertiert regelm\u00e4\u00dfig in Berlin und Brandenburg. Konzertreisen f\u00fchrten das Quartett zu verschiedenen Musikfestivals in Deutschland, darunter das Usedomer Musikfestival, die Brandenburgischen Sommerkonzerte, die J\u00fcdischen Kulturtage Rostock und die Ammerseerenade in Bayern, sowie ins europ\u00e4ische Ausland nach Polen, Litauen, Italien, Schweden, in die Schweiz und nach Frankreich.<br data-start=\"848\" data-end=\"851\" \/>Gef\u00f6rdert vom\u00a0<em>Zentralrat der Juden in Deutschland<\/em>\u00a0gestaltete das Diplomatische Streichquartett im Jahr 2025 eine Konzertreihe mit zahlreichen Auftritten in j\u00fcdischen Gemeinden.<\/p>\n","protected":false},"excerpt":{"rendered":"<p>Die Konzertreihe \u201eK\u00f6nigsteiner Kammerkonzerte Tilmann K\u00f6ster\u201c ist unserem viel zu fr\u00fch verstorbenen Vorstandskollegen, Freund und k\u00fcnstlerischen Leiter Tilmann K\u00f6ster gewidmet. Selbst als Dirigent wirkend, hatte er die Idee, jungen Solisten aus der Region im Haus der Begegnung die Gelegenheit zu &hellip; <a href=\"http:\/\/www.foerderverein-hdb.de\/?page_id=538\">Weiterlesen <span class=\"meta-nav\">&rarr;<\/span><\/a><\/p>\n","protected":false},"author":1,"featured_media":0,"parent":0,"menu_order":5,"comment_status":"open","ping_status":"open","template":"","meta":[],"_links":{"self":[{"href":"http:\/\/www.foerderverein-hdb.de\/index.php?rest_route=\/wp\/v2\/pages\/538"}],"collection":[{"href":"http:\/\/www.foerderverein-hdb.de\/index.php?rest_route=\/wp\/v2\/pages"}],"about":[{"href":"http:\/\/www.foerderverein-hdb.de\/index.php?rest_route=\/wp\/v2\/types\/page"}],"author":[{"embeddable":true,"href":"http:\/\/www.foerderverein-hdb.de\/index.php?rest_route=\/wp\/v2\/users\/1"}],"replies":[{"embeddable":true,"href":"http:\/\/www.foerderverein-hdb.de\/index.php?rest_route=%2Fwp%2Fv2%2Fcomments&post=538"}],"version-history":[{"count":187,"href":"http:\/\/www.foerderverein-hdb.de\/index.php?rest_route=\/wp\/v2\/pages\/538\/revisions"}],"predecessor-version":[{"id":2368,"href":"http:\/\/www.foerderverein-hdb.de\/index.php?rest_route=\/wp\/v2\/pages\/538\/revisions\/2368"}],"wp:attachment":[{"href":"http:\/\/www.foerderverein-hdb.de\/index.php?rest_route=%2Fwp%2Fv2%2Fmedia&parent=538"}],"curies":[{"name":"wp","href":"https:\/\/api.w.org\/{rel}","templated":true}]}}