{"id":145,"date":"2012-05-21T04:54:37","date_gmt":"2012-05-21T02:54:37","guid":{"rendered":"http:\/\/www.foerderverein-hdb.de\/?page_id=145"},"modified":"2019-05-17T13:06:04","modified_gmt":"2019-05-17T11:06:04","slug":"mitglied-werden","status":"publish","type":"page","link":"http:\/\/www.foerderverein-hdb.de\/?page_id=145","title":{"rendered":"Mitglied werden"},"content":{"rendered":"<p><img decoding=\"async\" loading=\"lazy\" class=\"alignleft wp-image-1061 \" src=\"http:\/\/www.foerderverein-hdb.de\/wp-content\/uploads\/2014\/03\/Screen_Beitritt1-300x280.jpg\" alt=\"Screen_Beitritt1\" width=\"302\" height=\"282\" srcset=\"http:\/\/www.foerderverein-hdb.de\/wp-content\/uploads\/2014\/03\/Screen_Beitritt1-300x280.jpg 300w, http:\/\/www.foerderverein-hdb.de\/wp-content\/uploads\/2014\/03\/Screen_Beitritt1-320x300.jpg 320w, http:\/\/www.foerderverein-hdb.de\/wp-content\/uploads\/2014\/03\/Screen_Beitritt1.jpg 810w\" sizes=\"(max-width: 302px) 100vw, 302px\" \/>Wir freuen uns sehr \u00fcber jedes neue Mitglied!<\/p>\n<p>Bitte laden Sie das Beitritts-Formular und die Erkl\u00e4rung zur Datenschutz-Grundverordnung als <a href=\"http:\/\/www.foerderverein-hdb.de\/wp-content\/uploads\/2019\/05\/Beitritts-und-DSGVO-Erkl\u00e4rung_neu.pdf\" target=\"_blank\" rel=\"noopener noreferrer\">PDF hier<\/a> herunter.<br \/>\nSchicken Sie es bitte ausgef\u00fcllt entweder per Post an die im PDF angegebene Adresse oder scannen Sie das PDF ein und mailen Sie es an <a href=\"&#x6d;&#97;i&#x6c;&#x74;&#111;:&#x68;&#x64;&#98;-&#x66;&#x6f;&#101;r&#x64;&#x65;&#114;e&#x72;&#64;&#116;-&#x6f;&#110;l&#x69;&#x6e;&#101;&#46;&#x64;&#x65;\">&#104;d&#x62;-&#x66;o&#x65;r&#x64;e&#x72;e&#x72;&#64;&#x74;&#45;&#x6f;&#110;&#x6c;&#105;&#x6e;&#101;&#x2e;&#100;&#x65;<\/a>.<br \/>\nHerzlichen Dank!<\/p>\n","protected":false},"excerpt":{"rendered":"<p>Wir freuen uns sehr \u00fcber jedes neue Mitglied! Bitte laden Sie das Beitritts-Formular und die Erkl\u00e4rung zur Datenschutz-Grundverordnung als PDF hier herunter. Schicken Sie es bitte ausgef\u00fcllt entweder per Post an die im PDF angegebene Adresse oder scannen Sie das &hellip; <a href=\"http:\/\/www.foerderverein-hdb.de\/?page_id=145\">Weiterlesen <span class=\"meta-nav\">&rarr;<\/span><\/a><\/p>\n","protected":false},"author":1,"featured_media":0,"parent":124,"menu_order":3,"comment_status":"open","ping_status":"open","template":"","meta":[],"_links":{"self":[{"href":"http:\/\/www.foerderverein-hdb.de\/index.php?rest_route=\/wp\/v2\/pages\/145"}],"collection":[{"href":"http:\/\/www.foerderverein-hdb.de\/index.php?rest_route=\/wp\/v2\/pages"}],"about":[{"href":"http:\/\/www.foerderverein-hdb.de\/index.php?rest_route=\/wp\/v2\/types\/page"}],"author":[{"embeddable":true,"href":"http:\/\/www.foerderverein-hdb.de\/index.php?rest_route=\/wp\/v2\/users\/1"}],"replies":[{"embeddable":true,"href":"http:\/\/www.foerderverein-hdb.de\/index.php?rest_route=%2Fwp%2Fv2%2Fcomments&post=145"}],"version-history":[{"count":21,"href":"http:\/\/www.foerderverein-hdb.de\/index.php?rest_route=\/wp\/v2\/pages\/145\/revisions"}],"predecessor-version":[{"id":1803,"href":"http:\/\/www.foerderverein-hdb.de\/index.php?rest_route=\/wp\/v2\/pages\/145\/revisions\/1803"}],"up":[{"embeddable":true,"href":"http:\/\/www.foerderverein-hdb.de\/index.php?rest_route=\/wp\/v2\/pages\/124"}],"wp:attachment":[{"href":"http:\/\/www.foerderverein-hdb.de\/index.php?rest_route=%2Fwp%2Fv2%2Fmedia&parent=145"}],"curies":[{"name":"wp","href":"https:\/\/api.w.org\/{rel}","templated":true}]}}