{"id":1133,"date":"2014-06-10T14:32:39","date_gmt":"2014-06-10T12:32:39","guid":{"rendered":"http:\/\/www.foerderverein-hdb.de\/?page_id=1133"},"modified":"2019-11-11T08:15:47","modified_gmt":"2019-11-11T06:15:47","slug":"abonnement","status":"publish","type":"page","link":"http:\/\/www.foerderverein-hdb.de\/?page_id=1133","title":{"rendered":"Abonnement"},"content":{"rendered":"<p>Unser F\u00f6rderverein bietet in der Reihe &#8222;K\u00f6nigsteiner Kammerkonzerte Tilmann K\u00f6ster&#8220; Abonnements an. Sie umfassen drei Konzerte pro Saison.<\/p>\n<p><strong>Abo-Buchung:<\/strong><br \/>\nBeim Vorsitzenden Manfred Colloseus (Telefon 06174-3588, E-Mail: <a href=\"&#x6d;&#x61;&#105;&#108;t&#x6f;&#x3a;&#x68;&#100;b-&#x66;&#x6f;&#101;&#114;d&#x65;&#x72;&#x65;&#114;&#64;t&#x2d;&#x6f;&#110;&#108;i&#x6e;&#x65;&#x2e;&#100;e\">hdb-&#102;&#111;&#101;&#114;&#100;&#x65;&#x72;&#x65;&#x72;&#x40;&#x74;&#x2d;onli&#110;&#101;&#46;&#100;&#101;<\/a>).<\/p>\n","protected":false},"excerpt":{"rendered":"<p>Unser F\u00f6rderverein bietet in der Reihe &#8222;K\u00f6nigsteiner Kammerkonzerte Tilmann K\u00f6ster&#8220; Abonnements an. Sie umfassen drei Konzerte pro Saison. Abo-Buchung: Beim Vorsitzenden Manfred Colloseus (Telefon 06174-3588, E-Mail: hdb-fo&#101;&#114;&#100;&#101;&#114;&#101;&#114;&#x40;&#x74;&#x2d;&#x6f;&#x6e;&#x6c;&#x69;&#x6e;&#x65;&#x2e;&#x64;&#x65;).<\/p>\n","protected":false},"author":1,"featured_media":0,"parent":0,"menu_order":7,"comment_status":"open","ping_status":"open","template":"","meta":[],"_links":{"self":[{"href":"http:\/\/www.foerderverein-hdb.de\/index.php?rest_route=\/wp\/v2\/pages\/1133"}],"collection":[{"href":"http:\/\/www.foerderverein-hdb.de\/index.php?rest_route=\/wp\/v2\/pages"}],"about":[{"href":"http:\/\/www.foerderverein-hdb.de\/index.php?rest_route=\/wp\/v2\/types\/page"}],"author":[{"embeddable":true,"href":"http:\/\/www.foerderverein-hdb.de\/index.php?rest_route=\/wp\/v2\/users\/1"}],"replies":[{"embeddable":true,"href":"http:\/\/www.foerderverein-hdb.de\/index.php?rest_route=%2Fwp%2Fv2%2Fcomments&post=1133"}],"version-history":[{"count":78,"href":"http:\/\/www.foerderverein-hdb.de\/index.php?rest_route=\/wp\/v2\/pages\/1133\/revisions"}],"predecessor-version":[{"id":1863,"href":"http:\/\/www.foerderverein-hdb.de\/index.php?rest_route=\/wp\/v2\/pages\/1133\/revisions\/1863"}],"wp:attachment":[{"href":"http:\/\/www.foerderverein-hdb.de\/index.php?rest_route=%2Fwp%2Fv2%2Fmedia&parent=1133"}],"curies":[{"name":"wp","href":"https:\/\/api.w.org\/{rel}","templated":true}]}}